{"id":1002,"date":"2018-05-30T09:49:01","date_gmt":"2018-05-30T07:49:01","guid":{"rendered":"http:\/\/www.casolareazzurro.it\/raume\/"},"modified":"2018-05-31T11:39:21","modified_gmt":"2018-05-31T09:39:21","slug":"raume","status":"publish","type":"page","link":"https:\/\/www.casolareazzurro.it\/de\/raume\/","title":{"rendered":"R\u00e4ume"},"content":{"rendered":"<p>[vc_row full_width=&#8221;stretch_row_content_no_spaces&#8221; css=&#8221;.vc_custom_1505988313323{padding-right: 4em !important;padding-left: 13em !important;background-image: url(http:\/\/www.casolareazzurro.it\/wp-content\/uploads\/2017\/09\/home-camere-top-1.jpg?id=502) !important;background-position: center !important;background-repeat: no-repeat !important;background-size: cover !important;}&#8221; el_class=&#8221;hide-padding-on-mobile hide-bg-on-mobile&#8221;][vc_column width=&#8221;1\/2&#8243;][\/vc_column][vc_column width=&#8221;1\/2&#8243;][vc_empty_space height=&#8221;8em&#8221; alter_height=&#8221;none&#8221; hide_on_mobile=&#8221;&#8221;]<div id=\"sc_title_213503439\"\n\t\tclass=\"sc_title sc_title_default style-default\"><h2 class=\"sc_item_title sc_title_title sc_align_default sc_item_title_style_default sc_item_title_tag\">Gute Nacht!<\/h2><\/div><!-- \/.sc_title -->[vc_empty_space height=&#8221;5em&#8221; alter_height=&#8221;none&#8221; hide_on_mobile=&#8221;&#8221;][vc_column_text]<\/p>\n<p lang=\"de-DE\">Was gibt es besseres, nach einem leckeren Abendessen in unserem Restaurant Azzurro, als eine erholsame Nachtruhe in einem unserer Zimmer, die im Gr\u00fcnen der Piceno Landschaft mit Blick auf den Horizont eingetaucht sind &#8230;nur drei Kilometer &#8230;von dem Adriatischen Meer entfernt? Unsere f\u00fcnf Zimmer, zus\u00e4tzlich zu der maximalen Stille, die nur von verliebten Spatzen gest\u00f6rt wird, sind mit warmer und kalter Luft, WI-FI, Fernseher, Minibar und Safe, w\u00e4hrend die Badezimmer alle mit Fenster, Heizung, Box- Dusche und F\u00f6n ausgestattet sind. Fast h\u00e4tte ich die Besonderheit vergessen: Jedes der f\u00fcnf Zimmer hat eine andere Farbe, rot, gr\u00fcn, orange, blau und gelb; so befriedigen wir auch die Liebhaber der Chromotherapie. <b>F\u00fcr die romantischsten Menschen ein Versprechen: Die duftende Bettw\u00e4sche und unsere gr\u00fcnen H\u00fcgel lassen Sie einen Kindheitstraum erleben, der an anderen Orten kaum zu finden ist! <\/b><\/p>\n<p>[\/vc_column_text][vc_empty_space height=&#8221;14em&#8221; alter_height=&#8221;none&#8221; hide_on_mobile=&#8221;&#8221;][\/vc_column][\/vc_row][vc_row][vc_column][vc_empty_space height=&#8221;8em&#8221; alter_height=&#8221;none&#8221; hide_on_mobile=&#8221;&#8221;][\/vc_column][\/vc_row][vc_row][vc_column]<div id=\"sc_title_1464306121\"\n\t\tclass=\"sc_title sc_title_default style-default\"><h2 class=\"sc_item_title sc_title_title sc_align_center sc_item_title_style_default sc_item_title_tag\">DIENSTLEISTUNGEN<\/h2><\/div><!-- \/.sc_title -->[vc_empty_space height=&#8221;5em&#8221; alter_height=&#8221;none&#8221; hide_on_mobile=&#8221;&#8221;][\/vc_column][\/vc_row][vc_row full_width=&#8221;stretch_row&#8221;][vc_column width=&#8221;1\/6&#8243;][vc_single_image image=&#8221;327&#8243; img_size=&#8221;full&#8221; alignment=&#8221;center&#8221; onclick=&#8221;custom_link&#8221; img_link_target=&#8221;_blank&#8221; link=&#8221;https:\/\/www.instagram.com\/casolareazzurro\/&#8221;][vc_empty_space height=&#8221;2em&#8221; hide_on_mobile=&#8221;&#8221;]<div id=\"sc_title_352837301\"\n\t\tclass=\"sc_title sc_title_default style-default\"><h5 class=\"sc_item_title sc_title_title sc_align_center sc_item_title_style_default sc_item_title_tag\">KLIMAANLAGE UND HEIZUNG<\/h5><\/div><!-- \/.sc_title -->[\/vc_column][vc_column width=&#8221;1\/6&#8243;][vc_single_image image=&#8221;328&#8243; img_size=&#8221;full&#8221; alignment=&#8221;center&#8221;][vc_empty_space height=&#8221;2em&#8221; hide_on_mobile=&#8221;&#8221;]<div id=\"sc_title_1327663950\"\n\t\tclass=\"sc_title sc_title_default style-default\"><h5 class=\"sc_item_title sc_title_title sc_align_center sc_item_title_style_default sc_item_title_tag\">WIFI-VERBINDUNG UND FERNSEHEN<\/h5><\/div><!-- \/.sc_title -->[\/vc_column][vc_column width=&#8221;1\/6&#8243;][vc_single_image image=&#8221;329&#8243; img_size=&#8221;full&#8221; alignment=&#8221;center&#8221;][vc_empty_space height=&#8221;2em&#8221; hide_on_mobile=&#8221;&#8221;]<div id=\"sc_title_610189595\"\n\t\tclass=\"sc_title sc_title_default style-default\"><h5 class=\"sc_item_title sc_title_title sc_align_center sc_item_title_style_default sc_item_title_tag\">SAFE<\/h5><\/div><!-- \/.sc_title -->[\/vc_column][vc_column width=&#8221;1\/6&#8243;][vc_single_image image=&#8221;330&#8243; img_size=&#8221;full&#8221; alignment=&#8221;center&#8221;][vc_empty_space height=&#8221;2em&#8221; hide_on_mobile=&#8221;&#8221;]<div id=\"sc_title_310658356\"\n\t\tclass=\"sc_title sc_title_default style-default\"><h5 class=\"sc_item_title sc_title_title sc_align_center sc_item_title_style_default sc_item_title_tag\">PRIVATES BADEZIMMER<\/h5><\/div><!-- \/.sc_title -->[\/vc_column][vc_column width=&#8221;1\/6&#8243;][vc_single_image image=&#8221;331&#8243; img_size=&#8221;full&#8221; alignment=&#8221;center&#8221;][vc_empty_space height=&#8221;2em&#8221; hide_on_mobile=&#8221;&#8221;]<div id=\"sc_title_413087717\"\n\t\tclass=\"sc_title sc_title_default style-default\"><h5 class=\"sc_item_title sc_title_title sc_align_center sc_item_title_style_default sc_item_title_tag\">FRIGOBAR<\/h5><\/div><!-- \/.sc_title -->[\/vc_column][vc_column width=&#8221;1\/6&#8243;][vc_single_image image=&#8221;332&#8243; img_size=&#8221;full&#8221; alignment=&#8221;center&#8221;][vc_empty_space height=&#8221;2em&#8221; hide_on_mobile=&#8221;&#8221;]<div id=\"sc_title_1622747577\"\n\t\tclass=\"sc_title sc_title_default style-default\"><h5 class=\"sc_item_title sc_title_title sc_align_center sc_item_title_style_default sc_item_title_tag\">DOPPELZIMMER UND F\u00fcR GRUPPEN BIS ZU 4 PERSONEN<\/h5><\/div><!-- \/.sc_title -->[\/vc_column][\/vc_row][vc_row][vc_column][vc_empty_space height=&#8221;8em&#8221; alter_height=&#8221;none&#8221; hide_on_mobile=&#8221;&#8221;][\/vc_column][\/vc_row][vc_row full_width=&#8221;stretch_row&#8221;][vc_column width=&#8221;1\/4&#8243;][vc_single_image image=&#8221;342&#8243; img_size=&#8221;full&#8221; alignment=&#8221;center&#8221; onclick=&#8221;custom_link&#8221; img_link_target=&#8221;_blank&#8221; link=&#8221;https:\/\/www.instagram.com\/casolareazzurro\/&#8221;][\/vc_column][vc_column width=&#8221;1\/4&#8243;][vc_single_image image=&#8221;343&#8243; img_size=&#8221;full&#8221; alignment=&#8221;center&#8221;][\/vc_column][vc_column width=&#8221;1\/4&#8243;][vc_single_image image=&#8221;344&#8243; img_size=&#8221;full&#8221; alignment=&#8221;center&#8221;][\/vc_column][vc_column width=&#8221;1\/4&#8243;][vc_single_image image=&#8221;494&#8243; img_size=&#8221;full&#8221; alignment=&#8221;center&#8221; onclick=&#8221;custom_link&#8221; link=&#8221;https:\/\/www.booking.com\/hotel\/it\/agriturismo-azzurro.it.html?aid=800210;label=gog144sb-hotel-it-it-agriturismoNazzurro-unspec-it-com-L%3Ait-O%3AwindowsS10-B%3Afirefox-N%3AXX-S%3Abo-U%3Asalo-H%3As;sid=12cb2720463d2cd840ff7f36879ad54a;dest_id=-109928;dest_type=city;dist=0;hapos=1;hpos=1;room1=A%2CA;sb_price_type=total;srepoch=1504864531;srfid=825e9ac1e1e6f90f4d51af63b6422432b090cb9eX1;srpvid=440745c9facc00ee;type=total;ucfs=1-main&#8221;][vc_empty_space height=&#8221;2em&#8221; alter_height=&#8221;none&#8221; hide_on_mobile=&#8221;&#8221;][vc_single_image image=&#8221;1078&#8243; img_size=&#8221;full&#8221; alignment=&#8221;center&#8221;][\/vc_column][\/vc_row][vc_row][vc_column][vc_empty_space height=&#8221;8em&#8221; alter_height=&#8221;none&#8221; hide_on_mobile=&#8221;&#8221;][\/vc_column][\/vc_row][vc_row full_width=&#8221;stretch_row_content&#8221; css=&#8221;.vc_custom_1504695328607{padding-right: 10% !important;padding-left: 10% !important;background-image: url(http:\/\/www.casolareazzurro.it\/wp-content\/uploads\/2017\/09\/pattern-homeristorante.jpg?id=130) !important;background-position: center !important;background-repeat: no-repeat !important;background-size: cover !important;}&#8221;][vc_column][vc_empty_space height=&#8221;5em&#8221; alter_height=&#8221;none&#8221; hide_on_mobile=&#8221;&#8221;]<div class=\"sc_testimonials sc_testimonials_simple light swiper-slider-container slider_swiper slider_noresize slider_nocontrols slider_pagination\" data-slides-per-view=\"3\" data-slides-min-width=\"150\"\t\t>\n\t\t<h1 class=\"sc_item_title sc_testimonials_title sc_align_center sc_item_title_style_extra sc_item_title_tag\">Bewertungen<\/h1><div class=\"sc_testimonials_slider sc_item_slider slides swiper-wrapper\"><div class=\"swiper-slide\"><div class=\"sc_testimonials_item\">\n\t<div class=\"sc_testimonials_item_content\"><p>Ho cenato per due sere di seguito, dato che siamo stati anche ospiti della struttura B&amp;B sopra il ristorante. Premetto che in famiglia abbiamo una lunga tradizione culinaria e per passione cucino da piu&#8217; di 20 anni e seleziono personalmente gli ingredienti.<\/p>\n<\/div>\n\t<div class=\"sc_testimonials_item_author\">\n\t\t<div class=\"sc_testimonials_item_author_data\">\n\t\t\t<h4 class=\"sc_testimonials_item_author_title\"><\/h4>\n\t\t\t<div class=\"sc_testimonials_item_author_subtitle\"><\/div>\n\t\t<\/div>\n\t<\/div>\n<\/div>\n<\/div><div class=\"swiper-slide\"><div class=\"sc_testimonials_item\">\n\t<div class=\"sc_testimonials_item_content\"><p>la prima volta e stato un po un caso e siamo rimasti molto sorpresi dell accoglienza e del cibo, delle ricette che non si trovano nel solito menu di altri agriturismi. Ieri sera abbiamo festeggiato li un compleanno e e stato tutto all altezza<\/p>\n<\/div>\n\t<div class=\"sc_testimonials_item_author\">\n\t\t<div class=\"sc_testimonials_item_author_data\">\n\t\t\t<h4 class=\"sc_testimonials_item_author_title\"><\/h4>\n\t\t\t<div class=\"sc_testimonials_item_author_subtitle\"><\/div>\n\t\t<\/div>\n\t<\/div>\n<\/div>\n<\/div><div class=\"swiper-slide\"><div class=\"sc_testimonials_item\">\n\t<div class=\"sc_testimonials_item_content\"><p>Abbiamo pernottato e cenato una notte in questa struttura sita sulle colline alle spalle di San Benedetto del Tronto! Camera semplici ma molto pulite ordinate e con aria condizionata e frigo bar gratis a disposizione! Nota di merito per la cena (con ampia scelta<\/p>\n<\/div>\n\t<div class=\"sc_testimonials_item_author\">\n\t\t<div class=\"sc_testimonials_item_author_data\">\n\t\t\t<h4 class=\"sc_testimonials_item_author_title\"><\/h4>\n\t\t\t<div class=\"sc_testimonials_item_author_subtitle\"><\/div>\n\t\t<\/div>\n\t<\/div>\n<\/div>\n<\/div><div class=\"swiper-slide\"><div class=\"sc_testimonials_item\">\n\t<div class=\"sc_testimonials_item_content\"><p>Siamo tornati in questo ristorante dove il cliente \u00e9 al primo posto. Piatti e sapori di casa, con chicche dei tempi passati. Un bel portico dove cenare all&#8217;aperto e tanto spazio per i bimbi. Cortesia e qualit\u00e0. E non da ultimo prezzi per tutti.<\/p>\n<\/div>\n\t<div class=\"sc_testimonials_item_author\">\n\t\t<div class=\"sc_testimonials_item_author_data\">\n\t\t\t<h4 class=\"sc_testimonials_item_author_title\"><\/h4>\n\t\t\t<div class=\"sc_testimonials_item_author_subtitle\"><\/div>\n\t\t<\/div>\n\t<\/div>\n<\/div>\n<\/div><div class=\"swiper-slide\"><div class=\"sc_testimonials_item\">\n\t<div class=\"sc_testimonials_item_content\"><p>A cena con famiglia. Personale gentile e cordiale, il posto \u00e8 accogliente, si sta bene. Antipasti ok, olive ascolane ottime. Primi buoni e secondi pure anche se meglio i primi. Variet\u00e0 di buoni dolci e anche crostata e liquorino offerti. Prezzo ottimo.<\/p>\n<\/div>\n\t<div class=\"sc_testimonials_item_author\">\n\t\t<div class=\"sc_testimonials_item_author_data\">\n\t\t\t<h4 class=\"sc_testimonials_item_author_title\"><\/h4>\n\t\t\t<div class=\"sc_testimonials_item_author_subtitle\"><\/div>\n\t\t<\/div>\n\t<\/div>\n<\/div>\n<\/div><\/div><div class=\"slider_pagination_wrap swiper-pagination\"><\/div><\/div><!-- \/.sc_testimonials -->[vc_empty_space height=&#8221;5em&#8221; alter_height=&#8221;none&#8221; hide_on_mobile=&#8221;&#8221;][\/vc_column][\/vc_row][vc_row full_width=&#8221;stretch_row&#8221; css=&#8221;.vc_custom_1504776743905{background-color: #f3f2ee !important;}&#8221;][vc_column][vc_empty_space height=&#8221;5em&#8221; alter_height=&#8221;none&#8221; hide_on_mobile=&#8221;&#8221;][vc_row_inner][vc_column_inner width=&#8221;1\/6&#8243;][\/vc_column_inner][vc_column_inner width=&#8221;1\/3&#8243;][vc_single_image image=&#8221;163&#8243; img_size=&#8221;full&#8221; onclick=&#8221;custom_link&#8221; img_link_target=&#8221;_blank&#8221; link=&#8221;https:\/\/www.tripadvisor.it\/Restaurant_Review-g664449-d1902868-Reviews-Casolare_Azzurro_Ristorante-Acquaviva_Picena_Province_of_Ascoli_Piceno_Marche.html&#8221;][\/vc_column_inner][vc_column_inner width=&#8221;1\/3&#8243;][vc_single_image image=&#8221;164&#8243; img_size=&#8221;full&#8221; alignment=&#8221;right&#8221; onclick=&#8221;custom_link&#8221; img_link_target=&#8221;_blank&#8221; link=&#8221;https:\/\/www.booking.com\/hotel\/it\/agriturismo-azzurro.it.html?aid=800210;label=gog144sb-hotel-it-it-agriturismoNazzurro-unspec-it-com-L%3Ait-O%3AwindowsS10-B%3Afirefox-N%3AXX-S%3Abo-U%3Asalo-H%3As;sid=12cb2720463d2cd840ff7f36879ad54a;dest_id=-109928;dest_type=city;dist=0;hapos=1;hpos=1;room1=A%2CA;sb_price_type=total;srepoch=1504864531;srfid=825e9ac1e1e6f90f4d51af63b6422432b090cb9eX1;srpvid=440745c9facc00ee;type=total;ucfs=1-main&#8221;][\/vc_column_inner][vc_column_inner width=&#8221;1\/6&#8243;][\/vc_column_inner][\/vc_row_inner][vc_empty_space height=&#8221;5em&#8221; alter_height=&#8221;none&#8221; hide_on_mobile=&#8221;&#8221;][\/vc_column][\/vc_row][vc_row full_width=&#8221;stretch_row_content_no_spaces&#8221;][vc_column width=&#8221;1\/6&#8243;][vc_single_image image=&#8221;214&#8243; img_size=&#8221;full&#8221; alignment=&#8221;center&#8221; onclick=&#8221;custom_link&#8221; img_link_target=&#8221;_blank&#8221; link=&#8221;https:\/\/www.instagram.com\/casolareazzurro\/&#8221;][\/vc_column][vc_column width=&#8221;1\/6&#8243;][vc_single_image image=&#8221;216&#8243; img_size=&#8221;full&#8221; alignment=&#8221;center&#8221;][\/vc_column][vc_column width=&#8221;1\/6&#8243;][vc_single_image image=&#8221;217&#8243; img_size=&#8221;full&#8221; alignment=&#8221;center&#8221;][\/vc_column][vc_column width=&#8221;1\/6&#8243;][vc_single_image image=&#8221;218&#8243; img_size=&#8221;full&#8221; alignment=&#8221;center&#8221;][\/vc_column][vc_column width=&#8221;1\/6&#8243;][vc_single_image image=&#8221;219&#8243; img_size=&#8221;full&#8221; alignment=&#8221;center&#8221;][\/vc_column][vc_column width=&#8221;1\/6&#8243;][vc_single_image image=&#8221;215&#8243; img_size=&#8221;full&#8221; alignment=&#8221;center&#8221; onclick=&#8221;custom_link&#8221; img_link_target=&#8221;_blank&#8221; link=&#8221;https:\/\/www.facebook.com\/Casolareazzurro\/&#8221;][\/vc_column][\/vc_row][vc_row full_width=&#8221;stretch_row&#8221; css=&#8221;.vc_custom_1506072304206{padding-top: 5em !important;padding-bottom: 5em !important;background-color: #033c5a !important;}&#8221; el_id=&#8221;pre-footer&#8221;][vc_column el_class=&#8221;white&#8221;][vc_empty_space height=&#8221;5em&#8221; alter_height=&#8221;none&#8221; hide_on_mobile=&#8221;&#8221;][\/vc_column][\/vc_row]<\/p>\n","protected":false},"excerpt":{"rendered":"<p>[vc_row full_width=&#8221;stretch_row_content_no_spaces&#8221; css=&#8221;.vc_custom_1505988313323{padding-right: 4em !important;padding-left: 13em !important;background-image: url(http:\/\/www.casolareazzurro.it\/wp-content\/uploads\/2017\/09\/home-camere-top-1.jpg?id=502) !important;background-position: center !important;background-repeat: no-repeat !important;background-size: cover !important;}&#8221; el_class=&#8221;hide-padding-on-mobile hide-bg-on-mobile&#8221;][vc_column width=&#8221;1\/2&#8243;][\/vc_column][vc_column width=&#8221;1\/2&#8243;][vc_empty_space height=&#8221;8em&#8221; alter_height=&#8221;none&#8221; hide_on_mobile=&#8221;&#8221;][vc_empty_space height=&#8221;5em&#8221; alter_height=&#8221;none&#8221; hide_on_mobile=&#8221;&#8221;][vc_column_text] Was gibt es besseres, nach einem leckeren Abendessen in unserem Restaurant Azzurro, als eine erholsame Nachtruhe in einem unserer Zimmer, die im Gr\u00fcnen der Piceno Landschaft mit&hellip;<\/p>\n","protected":false},"author":1,"featured_media":0,"parent":0,"menu_order":0,"comment_status":"closed","ping_status":"closed","template":"","meta":{"footnotes":""},"_links":{"self":[{"href":"https:\/\/www.casolareazzurro.it\/de\/wp-json\/wp\/v2\/pages\/1002"}],"collection":[{"href":"https:\/\/www.casolareazzurro.it\/de\/wp-json\/wp\/v2\/pages"}],"about":[{"href":"https:\/\/www.casolareazzurro.it\/de\/wp-json\/wp\/v2\/types\/page"}],"author":[{"embeddable":true,"href":"https:\/\/www.casolareazzurro.it\/de\/wp-json\/wp\/v2\/users\/1"}],"replies":[{"embeddable":true,"href":"https:\/\/www.casolareazzurro.it\/de\/wp-json\/wp\/v2\/comments?post=1002"}],"version-history":[{"count":12,"href":"https:\/\/www.casolareazzurro.it\/de\/wp-json\/wp\/v2\/pages\/1002\/revisions"}],"predecessor-version":[{"id":1081,"href":"https:\/\/www.casolareazzurro.it\/de\/wp-json\/wp\/v2\/pages\/1002\/revisions\/1081"}],"wp:attachment":[{"href":"https:\/\/www.casolareazzurro.it\/de\/wp-json\/wp\/v2\/media?parent=1002"}],"curies":[{"name":"wp","href":"https:\/\/api.w.org\/{rel}","templated":true}]}}