{"id":828,"date":"2018-05-22T09:50:23","date_gmt":"2018-05-22T07:50:23","guid":{"rendered":"http:\/\/www.casolareazzurro.it\/?page_id=828"},"modified":"2018-08-03T12:28:03","modified_gmt":"2018-08-03T10:28:03","slug":"home","status":"publish","type":"page","link":"https:\/\/www.casolareazzurro.it\/de\/","title":{"rendered":"Home"},"content":{"rendered":"<p>[vc_row full_width=&#8221;stretch_row_content&#8221; full_height=&#8221;yes&#8221; css=&#8221;.vc_custom_1504605180380{padding-right: 4em !important;padding-left: 13em !important;background-image: url(http:\/\/www.casolareazzurro.it\/wp-content\/uploads\/2017\/09\/home-top.jpg?id=45) !important;background-position: center !important;background-repeat: no-repeat !important;background-size: cover !important;}&#8221; el_class=&#8221;hide-padding-on-mobile hide-bg-on-mobile&#8221;][vc_column width=&#8221;2\/3&#8243;]<a id=\"sc_anchor_welcome\" class=\"sc_anchor sc_anchor_default\" \n\t\ttitle=\"Willkommen\" \n\t\tdata-icon=\"\" \n\t\tdata-url=\"\"\n><\/a>[vc_empty_space height=&#8221;14em&#8221; alter_height=&#8221;none&#8221; hide_on_mobile=&#8221;&#8221;][vc_empty_space height=&#8221;5em&#8221; alter_height=&#8221;none&#8221; hide_on_mobile=&#8221;&#8221;][vc_row_inner][vc_column_inner][vc_single_image image=&#8221;42&#8243; img_size=&#8221;full&#8221;]<div class=\"sc_item_button sc_button_wrap sc_align_center\"><a href=\"\/contatti\" id=\"sc_button_324894521\" class=\"sc_button sc_button_default  vc_custom_1526979789223 sc_button_size_normal sc_button_icon_right\"><span class=\"sc_button_icon\"><span class=\"fa fa-map-marker\"><\/span><\/span><span class=\"sc_button_text sc_align_left\"><span class=\"sc_button_title\">WIE MAN UNS ERREICHT<\/span><\/span><!-- \/.sc_button_text --><\/a><!-- \/.sc_button --><\/div><!-- \/.sc_item_button -->[\/vc_column_inner][\/vc_row_inner][vc_empty_space height=&#8221;5em&#8221; alter_height=&#8221;none&#8221; hide_on_mobile=&#8221;&#8221;][\/vc_column][vc_column width=&#8221;1\/3&#8243;][\/vc_column][\/vc_row][vc_row full_width=&#8221;stretch_row&#8221; content_placement=&#8221;middle&#8221; css=&#8221;.vc_custom_1504864178832{padding-top: 250px !important;padding-bottom: 250px !important;background-image: url(http:\/\/www.casolareazzurro.it\/wp-content\/uploads\/2017\/09\/panorama.jpg?id=50) !important;background-position: center !important;background-repeat: no-repeat !important;background-size: cover !important;}&#8221;][vc_column]<a id=\"sc_anchor_chi-siamo\" class=\"sc_anchor sc_anchor_default\" \n\t\ttitle=\"\u00dcber Uns\" \n\t\tdata-icon=\"\" \n\t\tdata-url=\"\"\n><\/a><div id=\"sc_title_1843537262\"\n\t\tclass=\"scheme_default sc_title sc_title_default style-extra\"><h1 class=\"sc_item_title sc_title_title sc_align_center sc_item_title_style_extra sc_item_title_tag\">\u00dcber Uns<\/h1><\/div><!-- \/.sc_title -->[\/vc_column][\/vc_row][vc_row css=&#8221;.vc_custom_1504689807435{margin-top: 150px !important;}&#8221;][vc_column][vc_column_text css=&#8221;.vc_custom_1524217585015{margin-right: 20px !important;margin-left: 20px !important;}&#8221;]<\/p>\n<p class=\"\" lang=\"de-DE\">Willkommen bei der erweiterten <b>Gro\u00dffamilie<\/b>&#8230;. <b>Sgarilla!<\/b> Ich freue mich, Sie mit offenen Armen zu begr\u00fc\u00dfen und Momente des Wohlseins mit Ihnen zu genie\u00dfen. Mein Name ist <b>\u201eCASOLARE AZZURRO\u201c<\/b> und ich biete allen eine traditionelle Qualit\u00e4tsk\u00fcche, ruhige und gem\u00fctliche Zimmer und, f\u00fcr Liebhaber der Natur einen voll ausgestatteten Campingplatz. Auf der anderen Seite stellt das lateinische Zitat \u201eDe rustica progenie, semper villana fuit\u201c f\u00fcr mich kein unbequemes Verm\u00e4chtnis dar, sondern den Stolz auf die F\u00f6rderung der Werte, die ich immer gepflegt habe. Ich beschr\u00e4nke mich nicht nur darauf, die Traditionen zu respektieren, sondern f\u00fcge eine interessante kulturelle Komponente in meine Essensfeste ein &#8230;. Wie viele kennen die Piceno-Wandertierhaltung f\u00fcr die Getreideernte? Wie viele kennen die Bauernhochzeit? Meine Absicht ist einfach, eine <b>Gro\u00dffamilie<\/b> zu schaffen, &#8230; die gut isst, noch besser trinkt und fr\u00f6hlich singt.. kurzum, eine Familie, die ihre Geschichte und ihre Zeitgenossenschaft lebt! <b>Ich verspreche Ihnen aus ganzem Herzen &#8230;dass wenn Sie uns besuchen kommen, wird es f\u00fcr mich eine Freude sein, Sie nicht zu entt\u00e4uschen!<\/b><\/p>\n<p>[\/vc_column_text][vc_empty_space height=&#8221;150px&#8221; alter_height=&#8221;none&#8221; hide_on_mobile=&#8221;&#8221;][\/vc_column][\/vc_row][vc_row full_width=&#8221;stretch_row_content&#8221; css=&#8221;.vc_custom_1504692383644{padding-right: 30% !important;padding-left: 30% !important;background-color: #f3f2ee !important;}&#8221;][vc_column]<a id=\"sc_anchor_servizi\" class=\"sc_anchor sc_anchor_default\" \n\t\ttitle=\"Was Wir Anbieten\" \n\t\tdata-icon=\"\" \n\t\tdata-url=\"\"\n><\/a>[vc_empty_space height=&#8221;5em&#8221; alter_height=&#8221;none&#8221; hide_on_mobile=&#8221;&#8221;]<div id=\"sc_title_1746057492\"\n\t\tclass=\"sc_title sc_title_default style-default title_dark\"><h1 class=\"sc_item_title sc_title_title sc_align_center sc_item_title_style_default sc_item_title_tag\">Was Wir Anbieten<\/h1><\/div><!-- \/.sc_title -->[vc_empty_space height=&#8221;5em&#8221; alter_height=&#8221;none&#8221; hide_on_mobile=&#8221;&#8221;]<div class=\"sc_services sc_services_light\" data-slides-per-view=\"3\" data-slides-min-width=\"200\"\t\t>\n\t\t<div class=\"sc_services_columns sc_item_columns sc_item_columns_3 trx_addons_columns_wrap columns_padding_bottom\"><div class=\"trx_addons_column-1_3\"><div class=\"sc_services_item with_content with_image sc_services_item_featured_top\">\n\t<div class=\"bg-image-wrap\"><div class=\"bg-image-top\" style=\"background-image: url(https:\/\/www.casolareazzurro.it\/wp-content\/uploads\/2017\/09\/plus-ristorante.jpg);\"><\/div>\t\t\t\t<div class=\"sc_services_item_info\">\n\t\t\t\t\t<div class=\"sc_services_item_header\">\n\t\t\t\t\t\t\t\t\t\t\t\t<h6 class=\"sc_services_item_title\"><a href=\"https:\/\/www.casolareazzurro.it\/de\/services\/restaurant\/\">Restaurant<\/a><\/h6>\n\t\t\t\t<\/div>\n\t\t\t\t\t\t\t\t\t<div class=\"sc_services_item_content\"><p>Probieren Sie die K\u00f6stlichkeiten unseres Territoriums.<\/p>\n<\/div>\n\t\t\t\t\t\t\t\t<\/div>\n\t\t\t<\/div>\n\t\t\t\t<div class=\"sc_services_item_button sc_item_button\"><a href=\"https:\/\/www.casolareazzurro.it\/de\/services\/restaurant\/\" class=\"sc_button sc_button sc_button_color\">Learn more<\/a><\/div>\n\t<\/div>\n<\/div><div class=\"trx_addons_column-1_3\"><div class=\"sc_services_item with_content with_image sc_services_item_featured_top\">\n\t<div class=\"bg-image-wrap\"><div class=\"bg-image-top\" style=\"background-image: url(https:\/\/www.casolareazzurro.it\/wp-content\/uploads\/2017\/09\/2-2.jpg);\"><\/div>\t\t\t\t<div class=\"sc_services_item_info\">\n\t\t\t\t\t<div class=\"sc_services_item_header\">\n\t\t\t\t\t\t\t\t\t\t\t\t<h6 class=\"sc_services_item_title\"><a href=\"https:\/\/www.casolareazzurro.it\/de\/services\/raume\/\">R\u00e4ume<\/a><\/h6>\n\t\t\t\t<\/div>\n\t\t\t\t\t\t\t\t\t<div class=\"sc_services_item_content\"><p>Genie\u00dfen Sie eine erholsame Nacht in den H\u00fcgeln der Marken.<\/p>\n<\/div>\n\t\t\t\t\t\t\t\t<\/div>\n\t\t\t<\/div>\n\t\t\t\t<div class=\"sc_services_item_button sc_item_button\"><a href=\"https:\/\/www.casolareazzurro.it\/de\/services\/raume\/\" class=\"sc_button sc_button sc_button_color\">Learn more<\/a><\/div>\n\t<\/div>\n<\/div><div class=\"trx_addons_column-1_3\"><div class=\"sc_services_item with_content with_image sc_services_item_featured_top\">\n\t<div class=\"bg-image-wrap\"><div class=\"bg-image-top\" style=\"background-image: url(https:\/\/www.casolareazzurro.it\/wp-content\/uploads\/2017\/09\/3.jpg);\"><\/div>\t\t\t\t<div class=\"sc_services_item_info\">\n\t\t\t\t\t<div class=\"sc_services_item_header\">\n\t\t\t\t\t\t\t\t\t\t\t\t<h6 class=\"sc_services_item_title\"><a href=\"https:\/\/www.casolareazzurro.it\/de\/services\/camping\/\">Camping<\/a><\/h6>\n\t\t\t\t<\/div>\n\t\t\t\t\t\t\t\t\t<div class=\"sc_services_item_content\"><p>Planen Sie Ihr Zelt und verpassen Sie nicht die Chance, die Sterne zu sehen.<\/p>\n<\/div>\n\t\t\t\t\t\t\t\t<\/div>\n\t\t\t<\/div>\n\t\t\t\t<div class=\"sc_services_item_button sc_item_button\"><a href=\"https:\/\/www.casolareazzurro.it\/de\/services\/camping\/\" class=\"sc_button sc_button sc_button_color\">Learn more<\/a><\/div>\n\t<\/div>\n<\/div><\/div><\/div><!-- \/.sc_services -->[vc_empty_space height=&#8221;10em&#8221; hide_on_mobile=&#8221;&#8221;][vc_empty_space height=&#8221;10em&#8221; hide_on_mobile=&#8221;&#8221;][\/vc_column][\/vc_row][vc_row full_width=&#8221;stretch_row_content&#8221; css=&#8221;.vc_custom_1504695328607{padding-right: 10% !important;padding-left: 10% !important;background-image: url(http:\/\/www.casolareazzurro.it\/wp-content\/uploads\/2017\/09\/pattern-homeristorante.jpg?id=130) !important;background-position: center !important;background-repeat: no-repeat !important;background-size: cover !important;}&#8221;][vc_column]<a id=\"sc_anchor_recensioni\" class=\"sc_anchor sc_anchor_default\" \n\t\ttitle=\"Bewertungen\" \n\t\tdata-icon=\"\" \n\t\tdata-url=\"\"\n><\/a>[vc_empty_space height=&#8221;5em&#8221; alter_height=&#8221;none&#8221; hide_on_mobile=&#8221;&#8221;][vc_empty_space height=&#8221;5em&#8221; alter_height=&#8221;none&#8221; hide_on_mobile=&#8221;&#8221;]<div class=\"sc_testimonials sc_testimonials_simple light swiper-slider-container slider_swiper slider_noresize slider_nocontrols slider_pagination\" data-slides-per-view=\"3\" data-slides-min-width=\"150\"\t\t>\n\t\t<h1 class=\"sc_item_title sc_testimonials_title sc_align_center sc_item_title_style_extra sc_item_title_tag\">Bewertungen<\/h1><div class=\"sc_testimonials_slider sc_item_slider slides swiper-wrapper\"><div class=\"swiper-slide\"><div class=\"sc_testimonials_item\">\n\t<div class=\"sc_testimonials_item_content\"><p>Ho cenato per due sere di seguito, dato che siamo stati anche ospiti della struttura B&amp;B sopra il ristorante. Premetto che in famiglia abbiamo una lunga tradizione culinaria e per passione cucino da piu&#8217; di 20 anni e seleziono personalmente gli ingredienti.<\/p>\n<\/div>\n\t<div class=\"sc_testimonials_item_author\">\n\t\t<div class=\"sc_testimonials_item_author_data\">\n\t\t\t<h4 class=\"sc_testimonials_item_author_title\"><\/h4>\n\t\t\t<div class=\"sc_testimonials_item_author_subtitle\"><\/div>\n\t\t<\/div>\n\t<\/div>\n<\/div>\n<\/div><div class=\"swiper-slide\"><div class=\"sc_testimonials_item\">\n\t<div class=\"sc_testimonials_item_content\"><p>la prima volta e stato un po un caso e siamo rimasti molto sorpresi dell accoglienza e del cibo, delle ricette che non si trovano nel solito menu di altri agriturismi. Ieri sera abbiamo festeggiato li un compleanno e e stato tutto all altezza<\/p>\n<\/div>\n\t<div class=\"sc_testimonials_item_author\">\n\t\t<div class=\"sc_testimonials_item_author_data\">\n\t\t\t<h4 class=\"sc_testimonials_item_author_title\"><\/h4>\n\t\t\t<div class=\"sc_testimonials_item_author_subtitle\"><\/div>\n\t\t<\/div>\n\t<\/div>\n<\/div>\n<\/div><div class=\"swiper-slide\"><div class=\"sc_testimonials_item\">\n\t<div class=\"sc_testimonials_item_content\"><p>Abbiamo pernottato e cenato una notte in questa struttura sita sulle colline alle spalle di San Benedetto del Tronto! Camera semplici ma molto pulite ordinate e con aria condizionata e frigo bar gratis a disposizione! Nota di merito per la cena (con ampia scelta<\/p>\n<\/div>\n\t<div class=\"sc_testimonials_item_author\">\n\t\t<div class=\"sc_testimonials_item_author_data\">\n\t\t\t<h4 class=\"sc_testimonials_item_author_title\"><\/h4>\n\t\t\t<div class=\"sc_testimonials_item_author_subtitle\"><\/div>\n\t\t<\/div>\n\t<\/div>\n<\/div>\n<\/div><div class=\"swiper-slide\"><div class=\"sc_testimonials_item\">\n\t<div class=\"sc_testimonials_item_content\"><p>Siamo tornati in questo ristorante dove il cliente \u00e9 al primo posto. Piatti e sapori di casa, con chicche dei tempi passati. Un bel portico dove cenare all&#8217;aperto e tanto spazio per i bimbi. Cortesia e qualit\u00e0. E non da ultimo prezzi per tutti.<\/p>\n<\/div>\n\t<div class=\"sc_testimonials_item_author\">\n\t\t<div class=\"sc_testimonials_item_author_data\">\n\t\t\t<h4 class=\"sc_testimonials_item_author_title\"><\/h4>\n\t\t\t<div class=\"sc_testimonials_item_author_subtitle\"><\/div>\n\t\t<\/div>\n\t<\/div>\n<\/div>\n<\/div><div class=\"swiper-slide\"><div class=\"sc_testimonials_item\">\n\t<div class=\"sc_testimonials_item_content\"><p>A cena con famiglia. Personale gentile e cordiale, il posto \u00e8 accogliente, si sta bene. Antipasti ok, olive ascolane ottime. Primi buoni e secondi pure anche se meglio i primi. Variet\u00e0 di buoni dolci e anche crostata e liquorino offerti. Prezzo ottimo.<\/p>\n<\/div>\n\t<div class=\"sc_testimonials_item_author\">\n\t\t<div class=\"sc_testimonials_item_author_data\">\n\t\t\t<h4 class=\"sc_testimonials_item_author_title\"><\/h4>\n\t\t\t<div class=\"sc_testimonials_item_author_subtitle\"><\/div>\n\t\t<\/div>\n\t<\/div>\n<\/div>\n<\/div><\/div><div class=\"slider_pagination_wrap swiper-pagination\"><\/div><\/div><!-- \/.sc_testimonials -->[vc_empty_space height=&#8221;5em&#8221; alter_height=&#8221;none&#8221; hide_on_mobile=&#8221;&#8221;][vc_empty_space height=&#8221;5em&#8221; alter_height=&#8221;none&#8221; hide_on_mobile=&#8221;&#8221;][\/vc_column][\/vc_row][vc_row full_width=&#8221;stretch_row&#8221; css=&#8221;.vc_custom_1504776743905{background-color: #f3f2ee !important;}&#8221;][vc_column][vc_empty_space height=&#8221;5em&#8221; alter_height=&#8221;none&#8221; hide_on_mobile=&#8221;&#8221;][vc_row_inner][vc_column_inner width=&#8221;1\/6&#8243;][\/vc_column_inner][vc_column_inner width=&#8221;1\/3&#8243;][vc_single_image image=&#8221;163&#8243; img_size=&#8221;full&#8221; onclick=&#8221;custom_link&#8221; img_link_target=&#8221;_blank&#8221; link=&#8221;https:\/\/www.tripadvisor.it\/Restaurant_Review-g664449-d1902868-Reviews-Casolare_Azzurro_Ristorante-Acquaviva_Picena_Province_of_Ascoli_Piceno_Marche.html&#8221;][\/vc_column_inner][vc_column_inner width=&#8221;1\/3&#8243;][vc_single_image image=&#8221;164&#8243; img_size=&#8221;full&#8221; alignment=&#8221;right&#8221; onclick=&#8221;custom_link&#8221; img_link_target=&#8221;_blank&#8221; link=&#8221;https:\/\/www.booking.com\/hotel\/it\/agriturismo-azzurro.it.html?aid=800210;label=gog144sb-hotel-it-it-agriturismoNazzurro-unspec-it-com-L%3Ait-O%3AwindowsS10-B%3Afirefox-N%3AXX-S%3Abo-U%3Asalo-H%3As;sid=12cb2720463d2cd840ff7f36879ad54a;dest_id=-109928;dest_type=city;dist=0;hapos=1;hpos=1;room1=A%2CA;sb_price_type=total;srepoch=1504864531;srfid=825e9ac1e1e6f90f4d51af63b6422432b090cb9eX1;srpvid=440745c9facc00ee;type=total;ucfs=1-main&#8221;][\/vc_column_inner][vc_column_inner width=&#8221;1\/6&#8243;][\/vc_column_inner][\/vc_row_inner][vc_empty_space height=&#8221;5em&#8221; alter_height=&#8221;none&#8221; hide_on_mobile=&#8221;&#8221;][\/vc_column][\/vc_row][vc_row][vc_column][vc_empty_space height=&#8221;20em&#8221; alter_height=&#8221;none&#8221; hide_on_mobile=&#8221;&#8221;][\/vc_column][\/vc_row][vc_row full_width=&#8221;stretch_row&#8221; full_height=&#8221;yes&#8221; columns_placement=&#8221;top&#8221; css=&#8221;.vc_custom_1505720958780{background-image: url(http:\/\/www.casolareazzurro.it\/wp-content\/uploads\/2017\/09\/back-itinerari.jpg?id=208) !important;background-position: center !important;background-repeat: no-repeat !important;background-size: cover !important;}&#8221;][vc_column]<a id=\"sc_anchor_eventi-itinerari\" class=\"sc_anchor sc_anchor_default\" \n\t\ttitle=\"Ereignisse und Routen\" \n\t\tdata-icon=\"\" \n\t\tdata-url=\"\"\n><\/a>[vc_row_inner][vc_column_inner]<div id=\"sc_title_644848740\"\n\t\tclass=\"sc_title sc_title_default style-default\"><h1 class=\"sc_item_title sc_title_title sc_align_center sc_item_title_style_default sc_item_title_tag\">Ereignisse und Routen<\/h1><\/div><!-- \/.sc_title -->[\/vc_column_inner][\/vc_row_inner][vc_row_inner equal_height=&#8221;yes&#8221;][vc_column_inner width=&#8221;3\/4&#8243;][vc_empty_space height=&#8221;5em&#8221; alter_height=&#8221;none&#8221; hide_on_mobile=&#8221;&#8221;]<div class=\"sc_blogger sc_blogger_plain\" data-slides-min-width=\"150\"\t\t>\n\t\t<div class=\"sc_blogger_content sc_item_content\"><div id=\"post-1182\"\tclass=\"style_bg sc_blogger_item post_format_standard post-1182 post type-post status-publish format-standard has-post-thumbnail hentry category-i-nostri-fornitori tag-cantinaderasmo tag-casolareazzurro tag-degustazionevini tag-eventoenogastronomico tag-sostenibilita tag-vinipiceni tag-vinopecorino tag-vinorosato tag-vinosangiovese\"><div class=\"sc_blogger_item_content entry-content\"><h4 class=\"sc_blogger_item_title entry-title\"><a href=\"https:\/\/www.casolareazzurro.it\/alla-scoperta-della-cantina-derasmo-tradizione-e-innovazione-dal-cuore-del-piceno\/\" rel=\"bookmark\">Alla Scoperta della Cantina D&#8217;Erasmo: Tradizione e Innovazione dal Cuore del Piceno<\/a><\/h4><p>In occasione dell&#8217;imminente evento che si terr\u00e0 al nostro ristorante Casolare Azzurro, desideriamo portarvi nel mondo della Cantina D&#8217;Erasmo, un&#8217;eccellenza enologica di cui siamo orgogliosi di offrire i vini Pecorino, Rosato e Sangiovese nel nostro men\u00f9. Questo articolo vuole approfondire la storia, i valori e i vini di questa rinomata cantina, preparandoci&hellip;<\/p>\n<\/div><!-- .entry-content -->\n\t<a class=\"hover-link-round\" href=\"https:\/\/www.casolareazzurro.it\/alla-scoperta-della-cantina-derasmo-tradizione-e-innovazione-dal-cuore-del-piceno\/\"><\/a>\n<\/div><!-- .sc_blogger_item --><\/div><div class=\"sc_item_button sc_item_button_default sc_blogger_button sc_align_default sc_button_wrap\"><a href=\"\/category\/ereignisse-und-routen\/\" id=\"sc_button_1147827337\" class=\"sc_button sc_button_default sc_button_size_normal sc_button_icon_left\"><span class=\"sc_button_text\"><span class=\"sc_button_title\">Weiterlesen<\/span><\/span><!-- \/.sc_button_text --><\/a><!-- \/.sc_button --><\/div><!-- \/.sc_item_button sc_item_button_default sc_blogger_button sc_align_default --><\/div><!-- \/.sc_blogger -->[vc_empty_space height=&#8221;10em&#8221; alter_height=&#8221;none&#8221; hide_on_mobile=&#8221;&#8221;][\/vc_column_inner][vc_column_inner width=&#8221;1\/4&#8243;][\/vc_column_inner][\/vc_row_inner][\/vc_column][\/vc_row][vc_row][vc_column]<a id=\"sc_anchor_contatti\" class=\"sc_anchor sc_anchor_default\" \n\t\ttitle=\"Wie Man Uns Erreicht\" \n\t\tdata-icon=\"\" \n\t\tdata-url=\"\"\n><\/a>[\/vc_column][\/vc_row][vc_row][vc_column width=&#8221;1\/4&#8243;][\/vc_column][vc_column width=&#8221;1\/2&#8243;][vc_empty_space height=&#8221;5em&#8221; alter_height=&#8221;none&#8221; hide_on_mobile=&#8221;&#8221;]<div id=\"sc_title_1732625637\"\n\t\tclass=\"sc_title sc_title_default style-default\"><h1 class=\"sc_item_title sc_title_title sc_align_center sc_item_title_style_default sc_item_title_tag\">Wie Man Uns Erreicht<\/h1><\/div><!-- \/.sc_title -->[vc_empty_space height=&#8221;5em&#8221; alter_height=&#8221;none&#8221; hide_on_mobile=&#8221;&#8221;]<div id=\"sc_title_22402745\"\n\t\tclass=\"sc_title sc_title_default style-default\"><h5 class=\"sc_item_title sc_title_title sc_align_center sc_item_title_style_default sc_item_title_tag\">Hier finden Sie alle Informationen, die Sie \u00fcber uns wissen wollen<\/h5><\/div><!-- \/.sc_title -->[vc_empty_space height=&#8221;5em&#8221; alter_height=&#8221;none&#8221; hide_on_mobile=&#8221;&#8221;][vc_row_inner][vc_column_inner width=&#8221;1\/2&#8243;][vc_column_text]<\/p>\n<p style=\"text-align: center;\">Via Fontepezzana 1 &#8211; 63075,<br \/>\nAcquaviva Picena (AP)<\/p>\n<p>[\/vc_column_text][\/vc_column_inner][vc_column_inner width=&#8221;1\/2&#8243;][vc_column_text]<\/p>\n<p style=\"text-align: center;\">Telefon: +39 0735683185<br \/>\nZellular: +39 3471624671<\/p>\n<p>[\/vc_column_text][\/vc_column_inner][\/vc_row_inner][vc_empty_space height=&#8221;5em&#8221; alter_height=&#8221;none&#8221; hide_on_mobile=&#8221;&#8221;]<div class=\"sc_item_button sc_button_wrap sc_align_center\"><a href=\"http:\/\/www.casolareazzurro.it\/de\/kontakte\/\" id=\"sc_button_494078451\" class=\"sc_button sc_button_default sc_button_size_small sc_button_icon_left\"><span class=\"sc_button_text sc_align_center\"><span class=\"sc_button_title\">Kontaktiere Uns<\/span><\/span><!-- \/.sc_button_text --><\/a><!-- \/.sc_button --><\/div><!-- \/.sc_item_button -->[vc_empty_space height=&#8221;5em&#8221; alter_height=&#8221;none&#8221; hide_on_mobile=&#8221;&#8221;][\/vc_column][vc_column width=&#8221;1\/4&#8243;][\/vc_column][\/vc_row][vc_row full_width=&#8221;stretch_row_content_no_spaces&#8221;][vc_column][vc_raw_html]PHN0eWxlPg0KICNtYXAgew0KICAgd2lkdGg6IDEwMCU7DQogICBoZWlnaHQ6IDU0MHB4Ow0KICAgYmFja2dyb3VuZC1jb2xvcjogZ3JleTsNCiB9DQo8L3N0eWxlPg0KPGRpdiBpZD0ibWFwIj48L2Rpdj4NCg0KPHNjcmlwdD4NCiAgIGZ1bmN0aW9uIGluaXRNYXAoKSB7DQogICAgICB2YXIgcGlja2VyID0ge2xhdDogNDIuOTM4NDU1LCBsbmc6IDEzLjgzMzI1NH07DQogICAgICB2YXIgbWFwID0gbmV3IGdvb2dsZS5tYXBzLk1hcChkb2N1bWVudC5nZXRFbGVtZW50QnlJZCgnbWFwJyksIHsNCiAgICAgICAgIHpvb206IDEzLA0KICAgICAgICAgY2VudGVyOiBwaWNrZXIsDQogICAgICAgICBtYXBUeXBlSWQ6ICdyb2FkbWFwJywNCiAgICAgICAgIHN0eWxlczogWw0KICAgICAgICAgICAgew0KICAgICAgICAgICAgICAgImZlYXR1cmVUeXBlIjogInBvaSIsDQogICAgICAgICAgICAgICAic3R5bGVycyI6IFsNCiAgICAgICAgICAgICAgICAgIHsgInZpc2liaWxpdHkiOiAib2ZmIiB9DQogICAgICAgICAgICAgICBdDQogICAgICAgICAgICB9DQogICAgICAgICBdDQogICAgICB9KTsNCiAgICAgIHZhciBtYXJrZXIgPSBuZXcgZ29vZ2xlLm1hcHMuTWFya2VyKHsNCiAgICAgICAgIHBvc2l0aW9uOiBwaWNrZXIsDQogICAgICAgICAvLyBpY29uOiJodHRwOi8vbWFwcy5nb29nbGUuY29tL21hcGZpbGVzL2ttbC9zaGFwZXMvaG9tZWdhcmRlbmJ1c2luZXNzLnBuZyIsDQogICAgICAgICBtYXA6IG1hcA0KICAgICAgfSk7DQogICAgICB9DQogICAgPC9zY3JpcHQ+DQogICAgPHNjcmlwdCBhc3luYyBkZWZlcg0KICAgIHNyYz0iaHR0cHM6Ly9tYXBzLmdvb2dsZWFwaXMuY29tL21hcHMvYXBpL2pzP2tleT1BSXphU3lCRGw1NkNQLXFzbDF4cUJER21ha2VzSi0tVG5yanZBc3cmY2FsbGJhY2s9aW5pdE1hcCI+DQogICAgPC9zY3JpcHQ+[\/vc_raw_html][\/vc_column][\/vc_row][vc_row full_width=&#8221;stretch_row_content_no_spaces&#8221;][vc_column width=&#8221;1\/6&#8243;]<a id=\"sc_anchor_social\" class=\"sc_anchor sc_anchor_default\" \n\t\ttitle=\"Social\" \n\t\tdata-icon=\"\" \n\t\tdata-url=\"\"\n><\/a>[vc_single_image image=&#8221;214&#8243; img_size=&#8221;full&#8221; alignment=&#8221;center&#8221; onclick=&#8221;custom_link&#8221; img_link_target=&#8221;_blank&#8221; link=&#8221;https:\/\/www.instagram.com\/casolareazzurro\/&#8221;][\/vc_column][vc_column width=&#8221;1\/6&#8243;][vc_single_image image=&#8221;216&#8243; img_size=&#8221;full&#8221; alignment=&#8221;center&#8221;][\/vc_column][vc_column width=&#8221;1\/6&#8243;][vc_single_image image=&#8221;217&#8243; img_size=&#8221;full&#8221; alignment=&#8221;center&#8221;][\/vc_column][vc_column width=&#8221;1\/6&#8243;][vc_single_image image=&#8221;218&#8243; img_size=&#8221;full&#8221; alignment=&#8221;center&#8221;][\/vc_column][vc_column width=&#8221;1\/6&#8243;][vc_single_image image=&#8221;219&#8243; img_size=&#8221;full&#8221; alignment=&#8221;center&#8221;][\/vc_column][vc_column width=&#8221;1\/6&#8243;][vc_single_image image=&#8221;215&#8243; img_size=&#8221;full&#8221; onclick=&#8221;custom_link&#8221; img_link_target=&#8221;_blank&#8221; link=&#8221;https:\/\/www.facebook.com\/Casolareazzurro\/&#8221;][\/vc_column][\/vc_row]<\/p>\n","protected":false},"excerpt":{"rendered":"<p>[vc_row full_width=&#8221;stretch_row_content&#8221; full_height=&#8221;yes&#8221; css=&#8221;.vc_custom_1504605180380{padding-right: 4em !important;padding-left: 13em !important;background-image: url(http:\/\/www.casolareazzurro.it\/wp-content\/uploads\/2017\/09\/home-top.jpg?id=45) !important;background-position: center !important;background-repeat: no-repeat !important;background-size: cover !important;}&#8221; el_class=&#8221;hide-padding-on-mobile hide-bg-on-mobile&#8221;][vc_column width=&#8221;2\/3&#8243;][vc_empty_space height=&#8221;14em&#8221; alter_height=&#8221;none&#8221; hide_on_mobile=&#8221;&#8221;][vc_empty_space height=&#8221;5em&#8221; alter_height=&#8221;none&#8221; hide_on_mobile=&#8221;&#8221;][vc_row_inner][vc_column_inner][vc_single_image image=&#8221;42&#8243; img_size=&#8221;full&#8221;][\/vc_column_inner][\/vc_row_inner][vc_empty_space height=&#8221;5em&#8221; alter_height=&#8221;none&#8221; hide_on_mobile=&#8221;&#8221;][\/vc_column][vc_column width=&#8221;1\/3&#8243;][\/vc_column][\/vc_row][vc_row full_width=&#8221;stretch_row&#8221; content_placement=&#8221;middle&#8221; css=&#8221;.vc_custom_1504864178832{padding-top: 250px !important;padding-bottom: 250px !important;background-image: url(http:\/\/www.casolareazzurro.it\/wp-content\/uploads\/2017\/09\/panorama.jpg?id=50) !important;background-position: center !important;background-repeat: no-repeat !important;background-size: cover !important;}&#8221;][vc_column][\/vc_column][\/vc_row][vc_row css=&#8221;.vc_custom_1504689807435{margin-top: 150px !important;}&#8221;][vc_column][vc_column_text css=&#8221;.vc_custom_1524217585015{margin-right: 20px !important;margin-left:&hellip;<\/p>\n","protected":false},"author":1,"featured_media":0,"parent":0,"menu_order":0,"comment_status":"closed","ping_status":"closed","template":"","meta":{"footnotes":""},"_links":{"self":[{"href":"https:\/\/www.casolareazzurro.it\/de\/wp-json\/wp\/v2\/pages\/828"}],"collection":[{"href":"https:\/\/www.casolareazzurro.it\/de\/wp-json\/wp\/v2\/pages"}],"about":[{"href":"https:\/\/www.casolareazzurro.it\/de\/wp-json\/wp\/v2\/types\/page"}],"author":[{"embeddable":true,"href":"https:\/\/www.casolareazzurro.it\/de\/wp-json\/wp\/v2\/users\/1"}],"replies":[{"embeddable":true,"href":"https:\/\/www.casolareazzurro.it\/de\/wp-json\/wp\/v2\/comments?post=828"}],"version-history":[{"count":29,"href":"https:\/\/www.casolareazzurro.it\/de\/wp-json\/wp\/v2\/pages\/828\/revisions"}],"predecessor-version":[{"id":1087,"href":"https:\/\/www.casolareazzurro.it\/de\/wp-json\/wp\/v2\/pages\/828\/revisions\/1087"}],"wp:attachment":[{"href":"https:\/\/www.casolareazzurro.it\/de\/wp-json\/wp\/v2\/media?parent=828"}],"curies":[{"name":"wp","href":"https:\/\/api.w.org\/{rel}","templated":true}]}}